{"id":12,"date":"2017-11-04T13:12:26","date_gmt":"2017-11-04T13:12:26","guid":{"rendered":"http:\/\/www.altbach-garage.ch\/web\/?page_id=12"},"modified":"2023-12-22T09:57:20","modified_gmt":"2023-12-22T08:57:20","slug":"impressum","status":"publish","type":"page","link":"http:\/\/www.altbach-garage.ch\/web\/kontakt\/impressum\/","title":{"rendered":"Impressum \/ Datenschutz"},"content":{"rendered":"<p>Altbach-Garage AG<br \/>\nLukas Ryser<br \/>\nKlotenerstrasse 46<br \/>\n8303 Bassersdorf<\/p>\n<p>lukas.ryser@altbach-garage.ch<br \/>\n+41 44 836 66 27<\/p>\n<p>Haben Sie betreffend der Website Altbach-Garage.ch Informationen, \u00c4nderungshinweise, Reklamationen, Lob, W\u00fcnsche etc. Oder sind Sie auf einen toten oder falschen Link gestossen? Teilen Sie es uns bitte mit. Besten Dank!<\/p>\n<p><strong>Haftungshinweis<br \/>\n<\/strong>Trotz sorgf\u00e4ltiger inhaltlicher Kontrolle \u00fcbernehmen wir keine Haftung f\u00fcr die Inhalte externer Links. F\u00fcr den Inhalt der verlinkten Seiten sind ausschlie\u00dflich deren Betreiber verantwortlich.<br \/>\nDie Inhalte der Website von altbach-garage.ch dienen der Information. Sie enthalten keinerlei verbindliche Gew\u00e4hrleistungen oder Zusicherungen.<\/p>\n<p><strong>Bildnachweise<\/strong><br \/>\nS\u00e4mtliche Texte, Bilder und Grafiken sowie deren Arrangements auf dieser Website unterliegen dem Schutz des Urheberrechts. Sie d\u00fcrfen weder f\u00fcr gewerbliche noch f\u00fcr\u00a0kommerzielle Zwecke noch zur Weitergabe kopiert, ver\u00e4ndert und auf anderen Webseiten verwendet werden. Jede Verwendung bedarf der vorherigen schriftlichen Zustimmung der Altbach-Garage AG, Sven St\u00fcssi.<\/p>\n<p class=\"font_6\"><strong>Datenschutzerkl\u00e4rung von Google Analytics<\/strong><br \/>\nDiese Website benutzt Google Analytics, einen Webanalysedienst der Google Inc. (\u201cGoogle\u201d). Google Analytics verwendet sog. \u201cCookies\u201d, Textdateien, die auf Ihrem Computer gespeichert werden und die eine Analyse der Benutzung der Website durch Sie erm\u00f6glichen. Cookies speichern bestimmte Einstellungen \u00fcber Ihren Browser und Daten \u00fcber den Austausch mit der Internetseite \u00fcber Ihren Browser. Bei der Aktivierung eines Cookies kann diesem eine Identifikationsnummer zugewiesen werden, \u00fcber die Ihr Browser identifiziert wird und die im Cookie enthaltenen Angaben gen\u00fctzt werden k\u00f6nnen. Sie k\u00f6nnen Ihren Browser so einstellen, dass vor dem Speichern eines Cookies eine Warnung am Bildschirm erscheint. Sie k\u00f6nnen auch auf die Vorteile von pers\u00f6nlichen Cookies verzichten. Bestimmte Dienstleistungen k\u00f6nnen in diesem Fall nicht genutzt werden.<\/p>\n","protected":false},"excerpt":{"rendered":"<p>Altbach-Garage AG Lukas Ryser Klotenerstrasse 46 8303 Bassersdorf lukas.ryser@altbach-garage.ch +41 44 836 66 27 Haben Sie betreffend der Website Altbach-Garage.ch Informationen, \u00c4nderungshinweise, Reklamationen, Lob, W\u00fcnsche etc. Oder sind Sie auf <span class=\"readmore\"><a href=\"http:\/\/www.altbach-garage.ch\/web\/kontakt\/impressum\/\">Weiterlesen &#8230;<\/a><\/span><\/p>\n","protected":false},"author":3,"featured_media":0,"parent":45,"menu_order":0,"comment_status":"closed","ping_status":"closed","template":"","meta":[],"_links":{"self":[{"href":"http:\/\/www.altbach-garage.ch\/web\/wp-json\/wp\/v2\/pages\/12"}],"collection":[{"href":"http:\/\/www.altbach-garage.ch\/web\/wp-json\/wp\/v2\/pages"}],"about":[{"href":"http:\/\/www.altbach-garage.ch\/web\/wp-json\/wp\/v2\/types\/page"}],"author":[{"embeddable":true,"href":"http:\/\/www.altbach-garage.ch\/web\/wp-json\/wp\/v2\/users\/3"}],"replies":[{"embeddable":true,"href":"http:\/\/www.altbach-garage.ch\/web\/wp-json\/wp\/v2\/comments?post=12"}],"version-history":[{"count":9,"href":"http:\/\/www.altbach-garage.ch\/web\/wp-json\/wp\/v2\/pages\/12\/revisions"}],"predecessor-version":[{"id":7585,"href":"http:\/\/www.altbach-garage.ch\/web\/wp-json\/wp\/v2\/pages\/12\/revisions\/7585"}],"up":[{"embeddable":true,"href":"http:\/\/www.altbach-garage.ch\/web\/wp-json\/wp\/v2\/pages\/45"}],"wp:attachment":[{"href":"http:\/\/www.altbach-garage.ch\/web\/wp-json\/wp\/v2\/media?parent=12"}],"curies":[{"name":"wp","href":"https:\/\/api.w.org\/{rel}","templated":true}]}}