{"id":4902,"date":"2020-08-03T15:18:07","date_gmt":"2020-08-03T13:18:07","guid":{"rendered":"http:\/\/www.altbach-garage.ch\/web\/?page_id=4902"},"modified":"2020-08-04T08:16:53","modified_gmt":"2020-08-04T06:16:53","slug":"opel","status":"publish","type":"page","link":"http:\/\/www.altbach-garage.ch\/web\/marken\/opel\/","title":{"rendered":"Opel"},"content":{"rendered":"\n<p>Als Opel Spezialist seit \u00fcber 30 Jahren haben wir eine grosse Erfahrung.  <\/p>\n\n\n\n<p>S\u00e4mtliche Wartungs- und Reparaturarbeiten an Ihrem Opel werden weiterhin nach Herstellervorgaben ausgef\u00fchrt. Als Opel-Kunde k\u00f6nnen Sie auf die Altbach-Garage AG z\u00e4hlen.<\/p>\n\n\n\n<p><\/p>\n","protected":false},"excerpt":{"rendered":"<p>Als Opel Spezialist seit \u00fcber 30 Jahren haben wir eine grosse Erfahrung. S\u00e4mtliche Wartungs- und Reparaturarbeiten an Ihrem Opel werden weiterhin nach Herstellervorgaben ausgef\u00fchrt. Als Opel-Kunde k\u00f6nnen Sie auf die <span class=\"readmore\"><a href=\"http:\/\/www.altbach-garage.ch\/web\/marken\/opel\/\">Weiterlesen &#8230;<\/a><\/span><\/p>\n","protected":false},"author":3,"featured_media":0,"parent":35,"menu_order":2,"comment_status":"closed","ping_status":"closed","template":"","meta":[],"_links":{"self":[{"href":"http:\/\/www.altbach-garage.ch\/web\/wp-json\/wp\/v2\/pages\/4902"}],"collection":[{"href":"http:\/\/www.altbach-garage.ch\/web\/wp-json\/wp\/v2\/pages"}],"about":[{"href":"http:\/\/www.altbach-garage.ch\/web\/wp-json\/wp\/v2\/types\/page"}],"author":[{"embeddable":true,"href":"http:\/\/www.altbach-garage.ch\/web\/wp-json\/wp\/v2\/users\/3"}],"replies":[{"embeddable":true,"href":"http:\/\/www.altbach-garage.ch\/web\/wp-json\/wp\/v2\/comments?post=4902"}],"version-history":[{"count":7,"href":"http:\/\/www.altbach-garage.ch\/web\/wp-json\/wp\/v2\/pages\/4902\/revisions"}],"predecessor-version":[{"id":4959,"href":"http:\/\/www.altbach-garage.ch\/web\/wp-json\/wp\/v2\/pages\/4902\/revisions\/4959"}],"up":[{"embeddable":true,"href":"http:\/\/www.altbach-garage.ch\/web\/wp-json\/wp\/v2\/pages\/35"}],"wp:attachment":[{"href":"http:\/\/www.altbach-garage.ch\/web\/wp-json\/wp\/v2\/media?parent=4902"}],"curies":[{"name":"wp","href":"https:\/\/api.w.org\/{rel}","templated":true}]}}